{"id":191,"date":"2022-11-21T18:47:46","date_gmt":"2022-11-21T21:47:46","guid":{"rendered":"https:\/\/universohospitalar.com.br\/?post_type=product&#038;p=191"},"modified":"2022-11-24T14:49:09","modified_gmt":"2022-11-24T17:49:09","slug":"produto-teste-1","status":"publish","type":"product","link":"https:\/\/universohospitalar.com.br\/index.php\/product\/produto-teste-1\/","title":{"rendered":"Produto Teste 1"},"content":{"rendered":"<p>O produto Teste 1 tem diversos usos no dia a dia.<\/p>\n<p>Se voc\u00ea vive no mundo moderno, deve utilizar este produto.<\/p>\n<p>Se voc\u00ea n\u00e3o vive no mundo moderno, tamb\u00e9m deve utilizar este produto.<\/p>\n","protected":false},"excerpt":{"rendered":"<p>Esse produto serve para muitas coisas!<\/p>\n","protected":false},"featured_media":213,"comment_status":"open","ping_status":"closed","template":"","meta":{"om_disable_all_campaigns":false,"_mi_skip_tracking":false},"product_cat":[25],"product_tag":[],"aioseo_notices":[],"_links":{"self":[{"href":"https:\/\/universohospitalar.com.br\/index.php\/wp-json\/wp\/v2\/product\/191"}],"collection":[{"href":"https:\/\/universohospitalar.com.br\/index.php\/wp-json\/wp\/v2\/product"}],"about":[{"href":"https:\/\/universohospitalar.com.br\/index.php\/wp-json\/wp\/v2\/types\/product"}],"replies":[{"embeddable":true,"href":"https:\/\/universohospitalar.com.br\/index.php\/wp-json\/wp\/v2\/comments?post=191"}],"wp:featuredmedia":[{"embeddable":true,"href":"https:\/\/universohospitalar.com.br\/index.php\/wp-json\/wp\/v2\/media\/213"}],"wp:attachment":[{"href":"https:\/\/universohospitalar.com.br\/index.php\/wp-json\/wp\/v2\/media?parent=191"}],"wp:term":[{"taxonomy":"product_cat","embeddable":true,"href":"https:\/\/universohospitalar.com.br\/index.php\/wp-json\/wp\/v2\/product_cat?post=191"},{"taxonomy":"product_tag","embeddable":true,"href":"https:\/\/universohospitalar.com.br\/index.php\/wp-json\/wp\/v2\/product_tag?post=191"}],"curies":[{"name":"wp","href":"https:\/\/api.w.org\/{rel}","templated":true}]}}